{"id":1049,"date":"2022-12-17T07:16:06","date_gmt":"2022-12-17T07:16:06","guid":{"rendered":"https:\/\/axtra.wealcoder.com\/?page_id=1049"},"modified":"2023-05-09T14:01:15","modified_gmt":"2023-05-09T13:01:15","slug":"our-services","status":"publish","type":"page","link":"https:\/\/pymedia.de\/?page_id=1049","title":{"rendered":"Our Services"},"content":{"rendered":"\t\t<div data-elementor-type=\"wp-page\" data-elementor-id=\"1049\" class=\"elementor elementor-1049\">\n\t\t\t\t\t\t\t\t\t<section class=\"elementor-section elementor-top-section elementor-element elementor-element-3cdab66 elementor-section-full_width elementor-section-height-default elementor-section-height-default\" data-id=\"3cdab66\" data-element_type=\"section\">\n\t\t\t\t\t\t<div class=\"elementor-container elementor-column-gap-default\">\n\t\t\t\t\t<div class=\"elementor-column elementor-col-100 elementor-top-column elementor-element elementor-element-d5b7b16\" data-id=\"d5b7b16\" data-element_type=\"column\">\n\t\t\t<div class=\"elementor-widget-wrap elementor-element-populated\">\n\t\t\t\t\t\t\t\t<div class=\"elementor-element elementor-element-8484311 elementor-widget elementor-widget-axtra_digital_solution\" data-id=\"8484311\" data-element_type=\"widget\" data-widget_type=\"axtra_digital_solution.default\">\n\t\t\t\t<div class=\"elementor-widget-container\">\n\t\t\t\t\r\n        \r\n    <!-- Hero area start -->\r\n    <section class=\"solution__area\">\r\n    \t<div class=\"container hero-line\"><\/div>\r\n        <div class=\"solution__wrapper\">\r\n                        <div class=\"solution__left\">\r\n                                <div class=\"solution__img-1\">\r\n                \t<img decoding=\"async\" src=\"https:\/\/pymedia.de\/wp-content\/uploads\/2022\/12\/Case-Study-Secend-1.png\" alt=\"Solution Image\">\r\n                <\/div>\r\n                                                <div class=\"solution__img-2\">\r\n                \t<img decoding=\"async\" src=\"https:\/\/pymedia.de\/wp-content\/uploads\/2022\/12\/solution-2.png\" alt=\"Solution Image\">\r\n                <\/div>\r\n                            <\/div>\r\n        \t            \r\n\t\t\t            <div class=\"solution__mid\">\r\n                <h1 class=\"solution__title animation__char_come\">Unsere Services<\/h1>                <p>Wir bieten 100% Performance Marketing \u00fcber Social Media, einschlie\u00dflich der Erstellung von konvertierenden Creatives und der Entwicklung von ma\u00dfgeschneiderten Strategien zur Steigerung deines Erfolgs in Form von Umsatz &amp; ROAS.<\/p>            <\/div>\r\n        \t            \r\n                        <div class=\"solution__right\">\r\n                <div class=\"solution__img-3\">\r\n                \t<img decoding=\"async\" src=\"https:\/\/pymedia.de\/wp-content\/uploads\/2022\/12\/solution-3.png\" alt=\"Solution Image\">\r\n                <\/div>\r\n            <\/div>\r\n                    <\/div>\r\n    \t\r\n                <div class=\"container pb-130\">\r\n            <div class=\"row\">\r\n                <div class=\"col-xxl-12\">\r\n                    <div class=\"solution__btm\">\r\n                        <ul>\r\n                                                        <li>Performance<\/li>\r\n                                                        <li>Creatives <\/li>\r\n                                                        <li>Strategy<\/li>\r\n                                                    <\/ul>\r\n                    <\/div>\r\n                <\/div>\r\n            <\/div>\r\n        <\/div>\r\n                \r\n    \t        <div class=\"solution__shape\">\r\n            <img decoding=\"async\" src=\"https:\/\/pymedia.de\/wp-content\/themes\/axtra\/assets\/images\/icon\/1.png\" alt=\"Shape Image\" class=\"shape-1\">\r\n            <img decoding=\"async\" src=\"https:\/\/pymedia.de\/wp-content\/themes\/axtra\/assets\/images\/\/icon\/2.png\" alt=\"Shape Image\" class=\"shape-2\">\r\n            <img decoding=\"async\" src=\"https:\/\/pymedia.de\/wp-content\/themes\/axtra\/assets\/images\/\/icon\/3.png\" alt=\"Shape Image\" class=\"shape-3\">\r\n            <img decoding=\"async\" src=\"https:\/\/pymedia.de\/wp-content\/themes\/axtra\/assets\/images\/\/icon\/4.png\" alt=\"Shape Image\" class=\"shape-4\">\r\n            <img decoding=\"async\" src=\"https:\/\/pymedia.de\/wp-content\/themes\/axtra\/assets\/images\/\/icon\/5.png\" alt=\"Shape Image\" class=\"shape-5\">\r\n        <\/div>\r\n            <\/section>\r\n    <!-- Hero area end -->\r\n              \r\n    \t\t<\/div>\n\t\t\t\t<\/div>\n\t\t\t\t\t<\/div>\n\t\t<\/div>\n\t\t\t\t\t\t\t<\/div>\n\t\t<\/section>\n\t\t\t\t<section class=\"elementor-section elementor-top-section elementor-element elementor-element-ecc48d4 elementor-section-full_width elementor-section-height-default elementor-section-height-default\" data-id=\"ecc48d4\" data-element_type=\"section\">\n\t\t\t\t\t\t<div class=\"elementor-container elementor-column-gap-default\">\n\t\t\t\t\t<div class=\"elementor-column elementor-col-100 elementor-top-column elementor-element elementor-element-0259c6b\" data-id=\"0259c6b\" data-element_type=\"column\">\n\t\t\t<div class=\"elementor-widget-wrap elementor-element-populated\">\n\t\t\t\t\t\t\t\t<div class=\"elementor-element elementor-element-204e6d2 elementor-widget elementor-widget-axtra_service_tabs\" data-id=\"204e6d2\" data-element_type=\"widget\" data-widget_type=\"axtra_service_tabs.default\">\n\t\t\t\t<div class=\"elementor-widget-container\">\n\t\t\t\t\r\n    <!-- Service area start -->\r\n    <section class=\"service__area-6\">\r\n        <div class=\"container\">\r\n            <div class=\"row inherit-row\">\r\n                <div class=\"col-xxl-12\">\r\n                    <div class=\"content-wrapper\">\r\n                        <div class=\"left-content\">\r\n                            <ul class=\"service__list-6\">\r\n                                                                <li class=\"active\"><a href=\"#service_1\">Social Media <br>Marketing<\/a><\/li>\r\n                                                                <li class=\"\"><a href=\"#service_2\">Content <br>Marketing<\/a><\/li>\r\n                                                                <li class=\"\"><a href=\"#service_3\">Strategie <br>Beratung<\/a><\/li>\r\n                                                            <\/ul>\r\n                        <\/div>\r\n                    \r\n                        <div class=\"mid-content\">\r\n                                                        <div class=\"service__image\">\r\n                            \t<img decoding=\"async\" src=\"https:\/\/pymedia.de\/wp-content\/uploads\/2022\/12\/1-19.jpg\" alt=\"Solution Image\">\r\n                            <\/div>\r\n                        \t                            <div class=\"service__image\">\r\n                            \t<img decoding=\"async\" src=\"https:\/\/pymedia.de\/wp-content\/uploads\/2022\/12\/2-14.jpg\" alt=\"Solution Image\">\r\n                            <\/div>\r\n                        \t                            <div class=\"service__image\">\r\n                            \t<img decoding=\"async\" src=\"https:\/\/pymedia.de\/wp-content\/uploads\/2022\/12\/3-10.jpg\" alt=\"Solution Image\">\r\n                            <\/div>\r\n                        \t                        <\/div>\r\n                    \r\n                        <div class=\"right-content\">\r\n                            <div class=\"service__items-6\">\r\n                            \t                                <div class=\"service__item-6 has__service_animation\" id=\"service_1\" data-secid=\"1\">\r\n                                    <div class=\"image-tab\">\r\n                                    \t<img decoding=\"async\" src=\"https:\/\/pymedia.de\/wp-content\/uploads\/2022\/12\/1-19.jpg\" alt=\"Solution Image\">\r\n                                    <\/div>\r\n                                \r\n                                    <div class=\"animation__service_page\">\r\n                                        <h2 class=\"service__title-6\">100% Performance Marketing<\/h2>\r\n                                        <p>Mit effizienten Performance Marketing Kampagnen im Upper Funnel \u00fcber Facebook, Instagram &amp; TikTok steigern wir den Umsatz &amp; ROAS unserer Kunden um bis 570%. Wir fokussieren uns in erster Linie auf die Neukundengewinnung und einer ma\u00dfgeschneiderten Testing Roadmap, die Hand und Fu\u00df hat. <\/p>\r\n                                                                                <ul>\r\n                                                                                        <li>+ Kampagnenmanagement<\/li>\r\n                                                                                        <li>+ Optimierungen &amp; Setup<\/li>\r\n                                                                                        <li>+ Tracking Health Check<\/li>\r\n                                                                                        <li>+ Mediaplanung &amp; Strategie<\/li>\r\n                                                                                        <li>+ Weekly Calls &amp; Reportings<\/li>\r\n                                                                                        <li>+ Wettbewerbsanalyse<\/li>\r\n                                                                                    <\/ul>\r\n                                                                                                                        <div id=\"btn_wrapper\">\r\n                                            <a  class=\"wc-btn-secondary btn-item btn-hover\"><span><\/span>Get free <br>qoutes <i class=\"fa-solid fa-arrow-right\"><\/i><\/a>\r\n                                        <\/div>\r\n                                                                            <\/div>\r\n                                <\/div>\r\n                            \t                                <div class=\"service__item-6 \" id=\"service_2\" data-secid=\"2\">\r\n                                    <div class=\"image-tab\">\r\n                                    \t<img decoding=\"async\" src=\"https:\/\/pymedia.de\/wp-content\/uploads\/2022\/12\/2-14.jpg\" alt=\"Solution Image\">\r\n                                    <\/div>\r\n                                \r\n                                    <div class=\"animation__service_page\">\r\n                                        <h2 class=\"service__title-6\">Conversion Rate starke Creatives<\/h2>\r\n                                        <p>Nein Image Ads sind nicht ausgestorben. Ein gesunder Mix aus Image-, Video- &amp; UGC Ads  auf Basis einer sauberen Testingroadmap mit simpler Kampagnenstruktur haben bei 99% unserer Kunden zu sehr gutem Erfolg gef\u00fchrt.<\/p>\r\n                                                                                <ul>\r\n                                                                                        <li>+ Testing Roadmap<\/li>\r\n                                                                                        <li>+ Image Ads<\/li>\r\n                                                                                        <li>+ Video Ads<\/li>\r\n                                                                                        <li>+ UGC<\/li>\r\n                                                                                        <li>+ Hochglanz<\/li>\r\n                                                                                        <li>+ Animationen<\/li>\r\n                                                                                    <\/ul>\r\n                                                                                                                        <div id=\"btn_wrapper\">\r\n                                            <a  class=\"wc-btn-secondary btn-item btn-hover\"><span><\/span>Get free <br>qoutes <i class=\"fa-solid fa-arrow-right\"><\/i><\/a>\r\n                                        <\/div>\r\n                                                                            <\/div>\r\n                                <\/div>\r\n                            \t                                <div class=\"service__item-6 \" id=\"service_3\" data-secid=\"3\">\r\n                                    <div class=\"image-tab\">\r\n                                    \t<img decoding=\"async\" src=\"https:\/\/pymedia.de\/wp-content\/uploads\/2022\/12\/3-10.jpg\" alt=\"Solution Image\">\r\n                                    <\/div>\r\n                                \r\n                                    <div class=\"animation__service_page\">\r\n                                        <h2 class=\"service__title-6\">Motion &amp; Branding\nDesign<\/h2>\r\n                                        <p>This is the second workshop of the UX design methodology. Given all the conclusions drawn in the personae workshop, we will project ourselves towards the production of ideal user journeys. In other words: how each persona can achieve their goal.<\/p>\r\n                                                                                <ul>\r\n                                                                                        <li>+ API Development<\/li>\r\n                                                                                        <li>+ WordPress<\/li>\r\n                                                                                        <li>+ Cloud Migration<\/li>\r\n                                                                                        <li>+ Front End Development<\/li>\r\n                                                                                        <li>+ JavaScript<\/li>\r\n                                                                                        <li>+ Fluter Framework<\/li>\r\n                                                                                    <\/ul>\r\n                                                                                                                        <div id=\"btn_wrapper\">\r\n                                            <a  class=\"wc-btn-secondary btn-item btn-hover\"><span><\/span>Get free <br>qoutes <i class=\"fa-solid fa-arrow-right\"><\/i><\/a>\r\n                                        <\/div>\r\n                                                                            <\/div>\r\n                                <\/div>\r\n                            \t                            <\/div>\r\n                        \r\n                        <\/div>\r\n                    <\/div>\r\n                <\/div>\r\n            <\/div>\r\n        <\/div>\r\n    <\/section>\r\n    <!-- Service area end -->\r\n                      \r\n    \t\t<\/div>\n\t\t\t\t<\/div>\n\t\t\t\t\t<\/div>\n\t\t<\/div>\n\t\t\t\t\t\t\t<\/div>\n\t\t<\/section>\n\t\t\t\t<section class=\"elementor-section elementor-top-section elementor-element elementor-element-6551a2c elementor-section-full_width elementor-section-height-default elementor-section-height-default\" data-id=\"6551a2c\" data-element_type=\"section\">\n\t\t\t\t\t\t<div class=\"elementor-container elementor-column-gap-default\">\n\t\t\t\t\t<div class=\"elementor-column elementor-col-100 elementor-top-column elementor-element elementor-element-0d9d64b\" data-id=\"0d9d64b\" data-element_type=\"column\">\n\t\t\t<div class=\"elementor-widget-wrap elementor-element-populated\">\n\t\t\t\t\t\t\t\t<div class=\"elementor-element elementor-element-1741c4f elementor-widget elementor-widget-axtra_our_client\" data-id=\"1741c4f\" data-element_type=\"widget\" data-widget_type=\"axtra_our_client.default\">\n\t\t\t\t<div class=\"elementor-widget-container\">\n\t\t\t\t\r\n    \r\n\t\r\n\t    \r\n    <!-- Brand area start -->\r\n    <section class=\"brand__area\">\r\n        <div class=\"container line pt-140 pb-110 no-p\">\r\n        \t<span class=\"line-3\"><\/span>            <div class=\"row\">\r\n                <div class=\"col-xxl-12\">\r\n                    <h2 class=\"brand__title-3 title-anim\">We are happy to work with global  largest brands <\/h2>                    <div class=\"brand__list brand-gap\">\r\n                    \t                        <div class=\"brand__item-2 fade_bottom\">\r\n                        \t<img decoding=\"async\" src=\"https:\/\/pymedia.de\/wp-content\/uploads\/2022\/12\/1.png\" alt=\"Brand Logo\">\r\n                        <\/div>\r\n                    \t                        <div class=\"brand__item-2 fade_bottom\">\r\n                        \t<img decoding=\"async\" src=\"https:\/\/pymedia.de\/wp-content\/uploads\/2022\/12\/2.png\" alt=\"Brand Logo\">\r\n                        <\/div>\r\n                    \t                        <div class=\"brand__item-2 fade_bottom\">\r\n                        \t<img decoding=\"async\" src=\"https:\/\/pymedia.de\/wp-content\/uploads\/2022\/12\/3.png\" alt=\"Brand Logo\">\r\n                        <\/div>\r\n                    \t                        <div class=\"brand__item-2 fade_bottom\">\r\n                        \t<img decoding=\"async\" src=\"https:\/\/pymedia.de\/wp-content\/uploads\/2022\/12\/4.png\" alt=\"Brand Logo\">\r\n                        <\/div>\r\n                    \t                        <div class=\"brand__item-2 fade_bottom\">\r\n                        \t<img decoding=\"async\" src=\"https:\/\/pymedia.de\/wp-content\/uploads\/2022\/12\/5.png\" alt=\"Brand Logo\">\r\n                        <\/div>\r\n                    \t                        <div class=\"brand__item-2 fade_bottom\">\r\n                        \t<img decoding=\"async\" src=\"https:\/\/pymedia.de\/wp-content\/uploads\/2022\/12\/6.png\" alt=\"Brand Logo\">\r\n                        <\/div>\r\n                    \t \r\n                    <\/div>\r\n                <\/div>\r\n            <\/div>\r\n        <\/div>\r\n    <\/section>\r\n    <!-- Brand area end -->\r\n\t\r\n\t\t\t<\/div>\n\t\t\t\t<\/div>\n\t\t\t\t\t<\/div>\n\t\t<\/div>\n\t\t\t\t\t\t\t<\/div>\n\t\t<\/section>\n\t\t\t\t<section class=\"elementor-section elementor-top-section elementor-element elementor-element-d3dede1 elementor-section-full_width elementor-section-height-default elementor-section-height-default\" data-id=\"d3dede1\" data-element_type=\"section\">\n\t\t\t\t\t\t<div class=\"elementor-container elementor-column-gap-default\">\n\t\t\t\t\t<div class=\"elementor-column elementor-col-100 elementor-top-column elementor-element elementor-element-764dbd8\" data-id=\"764dbd8\" data-element_type=\"column\">\n\t\t\t<div class=\"elementor-widget-wrap elementor-element-populated\">\n\t\t\t\t\t\t\t\t<div class=\"elementor-element elementor-element-9446066 elementor-widget elementor-widget-axtra_call_to_action\" data-id=\"9446066\" data-element_type=\"widget\" data-widget_type=\"axtra_call_to_action.default\">\n\t\t\t\t<div class=\"elementor-widget-container\">\n\t\t\t\t\r\n        \r\n    <!-- CTA area start -->\r\n    <section class=\"cta__area\">\r\n        <div class=\"container line  pb-110\">\r\n        \t<div class=\"line-3\"><\/div>\r\n            <div class=\"row\">\r\n                <div class=\"col-xxl-12\">\r\n                    <div class=\"cta__content\">\r\n                        <p class=\"cta__sub-title\">Work with us<\/p>                        <h2 class=\"cta__title title-anim\">We would love to hear more about your project<\/h2>                                                <div id=\"btn_wrapper\">\r\n                            <a href=\"https:\/\/axtra.wealcoder.com\/contact-us\/\" target=\"_blank\" rel=\"nofollow\" class=\"wc-btn-primary btn-hover btn-item\"><span><\/span>Let\u2019s talk us <i class=\"fa-solid fa-arrow-right\"><\/i><\/a>\r\n                        <\/div>\r\n                                            <\/div>\r\n                <\/div>\r\n            <\/div>\r\n        <\/div>\r\n    <\/section>\r\n    <!-- CTA area end -->\r\n    \r\n    \t\t<\/div>\n\t\t\t\t<\/div>\n\t\t\t\t\t<\/div>\n\t\t<\/div>\n\t\t\t\t\t\t\t<\/div>\n\t\t<\/section>\n\t\t\t\t\t\t\t<\/div>\n\t\t","protected":false},"excerpt":{"rendered":"<p>Unsere Services Wir bieten 100% Performance Marketing \u00fcber Social Media, einschlie\u00dflich der Erstellung von konvertierenden Creatives und der Entwicklung von ma\u00dfgeschneiderten Strategien zur Steigerung deines Erfolgs in Form von Umsatz &amp; ROAS. Performance Creatives Strategy Social Media Marketing Content Marketing Strategie Beratung 100% Performance Marketing Mit effizienten Performance Marketing Kampagnen im Upper Funnel \u00fcber Facebook, [&hellip;]<\/p>\n","protected":false},"author":1,"featured_media":0,"parent":0,"menu_order":0,"comment_status":"closed","ping_status":"closed","template":"tpl-default-elementor.php","meta":[],"_links":{"self":[{"href":"https:\/\/pymedia.de\/index.php?rest_route=\/wp\/v2\/pages\/1049"}],"collection":[{"href":"https:\/\/pymedia.de\/index.php?rest_route=\/wp\/v2\/pages"}],"about":[{"href":"https:\/\/pymedia.de\/index.php?rest_route=\/wp\/v2\/types\/page"}],"author":[{"embeddable":true,"href":"https:\/\/pymedia.de\/index.php?rest_route=\/wp\/v2\/users\/1"}],"replies":[{"embeddable":true,"href":"https:\/\/pymedia.de\/index.php?rest_route=%2Fwp%2Fv2%2Fcomments&post=1049"}],"version-history":[{"count":13,"href":"https:\/\/pymedia.de\/index.php?rest_route=\/wp\/v2\/pages\/1049\/revisions"}],"predecessor-version":[{"id":2892,"href":"https:\/\/pymedia.de\/index.php?rest_route=\/wp\/v2\/pages\/1049\/revisions\/2892"}],"wp:attachment":[{"href":"https:\/\/pymedia.de\/index.php?rest_route=%2Fwp%2Fv2%2Fmedia&parent=1049"}],"curies":[{"name":"wp","href":"https:\/\/api.w.org\/{rel}","templated":true}]}}